{"id":9,"date":"2022-01-11T19:20:53","date_gmt":"2022-01-11T19:20:53","guid":{"rendered":"https:\/\/doctor-motor.cz\/?page_id=9"},"modified":"2022-02-14T22:04:51","modified_gmt":"2022-02-14T22:04:51","slug":"o-nas","status":"publish","type":"page","link":"https:\/\/doctor-motor.cz\/en\/o-nas\/","title":{"rendered":"About us"},"content":{"rendered":"<div class=\"wp-block-group alignfull\"><div class=\"wp-block-group__inner-container is-layout-flow wp-block-group-is-layout-flow\">\n<div class=\"wp-block-cover alignfull has-parallax is-style-default\" style=\"background-image:url(https:\/\/doctor-motor.cz\/wp-content\/uploads\/2022\/02\/IMG_20190515_144616.jpg);min-height:400px;aspect-ratio:unset;\"><span aria-hidden=\"true\" class=\"has-background-dim-60 wp-block-cover__gradient-background has-background-dim\"><\/span><div class=\"wp-block-cover__inner-container is-layout-flow wp-block-cover-is-layout-flow\">\n<h1 class=\"alignwide has-text-align-center wp-block-heading\" id=\"o-nas\">About us<\/h1>\n\n\n\n<h3 class=\"has-text-align-center wp-block-heading\"><\/h3>\n<\/div><\/div>\n<\/div><\/div>\n\n\n\n<div class=\"wp-block-group alignwide\"><div class=\"wp-block-group__inner-container is-layout-flow wp-block-group-is-layout-flow\">\n<p id=\"wnd_TextBlock_485395_inner_2\">Spole\u010dnost Doctor-Motor byla zalo\u017eena Romanem Trnkou s jedn\u00edm c\u00edlem, d\u00e1t \u0159idi\u010d\u016fm Brna lep\u0161\u00ed mo\u017enost \u00fadr\u017eby a oprav vozidel. P\u0159\u00edli\u0161 \u010dasto sly\u0161\u00edme o neetick\u00fdch autoservisech, kter\u00e9 opravuj\u00ed pouze proto, aby dos\u00e1hly zisku. Roman se rozhodl zm\u011bnit tuto pov\u011bst nab\u00eddkou kvalitn\u00edch oprav a p\u0159\u00e1telsk\u00fdch slu\u017eeb.<\/p>\n\n\n\n<blockquote class=\"wp-block-quote has-text-align-center is-style-large is-layout-flow wp-block-quote-is-layout-flow\" id=\"wnd_TextBlock_485395_inner_1\"><p>Na\u0161\u00edm c\u00edlem je b\u00fdt nejlep\u0161\u00ed opravnou v Brn\u011b.&nbsp;<\/p><\/blockquote>\n\n\n\n<p id=\"wnd_TextBlock_485395_inner_3\">Jsme hrd\u00ed na na\u0161i pr\u00e1ci a ukazuje se to. Ka\u017ed\u00fd \u010dlen rodiny Doctor-Motor d\u00e1v\u00e1 z\u00e1kazn\u00edka na prvn\u00ed m\u00edsto. Na\u0161e poctivost, integrita a kvalita pr\u00e1ce jsou d\u016fvodem, pro\u010d tuto pr\u00e1ci milujeme.<\/p>\n\n\n\n<div class=\"wp-block-image\"><figure class=\"aligncenter size-full\"><img loading=\"lazy\" decoding=\"async\" width=\"700\" height=\"394\" src=\"https:\/\/doctor-motor.cz\/wp-content\/uploads\/2022\/01\/20180122_155457.jpg\" alt=\"\" class=\"wp-image-42\" srcset=\"https:\/\/doctor-motor.cz\/wp-content\/uploads\/2022\/01\/20180122_155457.jpg 700w, https:\/\/doctor-motor.cz\/wp-content\/uploads\/2022\/01\/20180122_155457-300x169.jpg 300w\" sizes=\"auto, (max-width: 700px) 100vw, 700px\" \/><\/figure><\/div>\n<\/div><\/div>","protected":false},"excerpt":{"rendered":"<p>Spole\u010dnost Doctor-Motor byla zalo\u017eena Romanem Trnkou s jedn\u00edm c\u00edlem, d\u00e1t \u0159idi\u010d\u016fm Brna lep\u0161\u00ed mo\u017enost \u00fadr\u017eby a oprav vozidel. P\u0159\u00edli\u0161 \u010dasto sly\u0161\u00edme o neetick\u00fdch autoservisech, kter\u00e9 opravuj\u00ed pouze proto, aby dos\u00e1hly zisku. Roman se rozhodl zm\u011bnit tuto pov\u011bst nab\u00eddkou kvalitn\u00edch oprav a p\u0159\u00e1telsk\u00fdch slu\u017eeb. Na\u0161\u00edm c\u00edlem je b\u00fdt nejlep\u0161\u00ed opravnou v Brn\u011b.&nbsp; Jsme hrd\u00ed na na\u0161i&hellip; <a class=\"more-link\" href=\"https:\/\/doctor-motor.cz\/en\/o-nas\/\">Continue reading <span class=\"screen-reader-text\">About us<\/span><\/a><\/p>","protected":false},"author":1,"featured_media":0,"parent":0,"menu_order":0,"comment_status":"closed","ping_status":"closed","template":"","meta":{"footnotes":""},"class_list":["post-9","page","type-page","status-publish","hentry","entry"],"aioseo_notices":[],"_links":{"self":[{"href":"https:\/\/doctor-motor.cz\/en\/wp-json\/wp\/v2\/pages\/9","targetHints":{"allow":["GET"]}}],"collection":[{"href":"https:\/\/doctor-motor.cz\/en\/wp-json\/wp\/v2\/pages"}],"about":[{"href":"https:\/\/doctor-motor.cz\/en\/wp-json\/wp\/v2\/types\/page"}],"author":[{"embeddable":true,"href":"https:\/\/doctor-motor.cz\/en\/wp-json\/wp\/v2\/users\/1"}],"replies":[{"embeddable":true,"href":"https:\/\/doctor-motor.cz\/en\/wp-json\/wp\/v2\/comments?post=9"}],"version-history":[{"count":7,"href":"https:\/\/doctor-motor.cz\/en\/wp-json\/wp\/v2\/pages\/9\/revisions"}],"predecessor-version":[{"id":249,"href":"https:\/\/doctor-motor.cz\/en\/wp-json\/wp\/v2\/pages\/9\/revisions\/249"}],"wp:attachment":[{"href":"https:\/\/doctor-motor.cz\/en\/wp-json\/wp\/v2\/media?parent=9"}],"curies":[{"name":"wp","href":"https:\/\/api.w.org\/{rel}","templated":true}]}}