{"id":7,"date":"2022-01-11T19:19:21","date_gmt":"2022-01-11T19:19:21","guid":{"rendered":"https:\/\/doctor-motor.cz\/?page_id=7"},"modified":"2024-12-10T08:22:50","modified_gmt":"2024-12-10T08:22:50","slug":"homepage","status":"publish","type":"page","link":"https:\/\/doctor-motor.cz\/en\/","title":{"rendered":"Homepage"},"content":{"rendered":"<div class=\"wp-block-group alignfull\"><div class=\"wp-block-group__inner-container is-layout-flow wp-block-group-is-layout-flow\">\n<div class=\"wp-block-cover alignfull has-parallax is-style-default\" style=\"min-height:600px;aspect-ratio:unset;\"><span aria-hidden=\"true\" class=\"wp-block-cover__background has-background-dim-60 has-background-dim\"><\/span><div role=\"img\" class=\"wp-block-cover__image-background wp-image-30 has-parallax\" style=\"background-position:50% 50%;background-image:url(https:\/\/doctor-motor.cz\/wp-content\/uploads\/2022\/01\/doctor-homepage.jpg)\"><\/div><div class=\"wp-block-cover__inner-container is-layout-flow wp-block-cover-is-layout-flow\">\n<h1 class=\"wp-block-heading alignwide has-text-align-center\" id=\"doctor-motor\">DOCTOR-MOTOR<\/h1>\n\n\n\n<h3 class=\"wp-block-heading has-text-align-center\" id=\"auto-moto-servis-renovace-veteranu\">AUTO-MOTO servis , renovace veter\u00e1n\u016f<\/h3>\n<\/div><\/div>\n<\/div><\/div>\n\n\n\n<div class=\"wp-block-columns alignwide is-style-default has-text-color has-background is-layout-flex wp-container-core-columns-is-layout-9d6595d7 wp-block-columns-is-layout-flex\" style=\"color:#000000;background-color:#ffffff\">\n<div class=\"wp-block-column is-layout-flow wp-block-column-is-layout-flow\" style=\"padding-top:10px;padding-right:10px;padding-bottom:10px;padding-left:10px\">\n<h3 class=\"wp-block-heading has-text-align-center\" id=\"virtual-tour-1\" style=\"font-size:24px;line-height:1.3\"><strong>Auto-moto servis<\/strong><\/h3>\n\n\n\n<p class=\"has-text-align-center\">Opravujeme vozy a motocykly v\u0161ech zna\u010dek v\u010detn\u011b USA voz\u016f.<\/p>\n\n\n\n<p class=\"has-text-align-center\">Prov\u00e1d\u00edme renovace aut i motocykl\u016f<\/p>\n<\/div>\n\n\n\n<div class=\"wp-block-column is-layout-flow wp-block-column-is-layout-flow\" style=\"padding-top:10px;padding-right:10px;padding-bottom:10px;padding-left:10px\">\n<h3 class=\"wp-block-heading has-text-align-center\" id=\"current-shows-1\" style=\"font-size:24px;line-height:1.3\"><strong><a href=\"https:\/\/wordpress.org\">Pneuservis<\/a><\/strong><\/h3>\n\n\n\n<p class=\"has-text-align-center\">ALU kol, plechov\u00fdch disk\u016f a vypl\u00e9tan\u00fdch kol. A\u017e  do velikosti 24\u00b4\u00b4<\/p>\n<\/div>\n\n\n\n<div class=\"wp-block-column is-layout-flow wp-block-column-is-layout-flow\" style=\"padding-top:10px;padding-right:10px;padding-bottom:10px;padding-left:10px\">\n<h3 class=\"wp-block-heading has-text-align-center\" id=\"useful-info-1\" style=\"font-size:24px;line-height:1.3\"><strong><a href=\"https:\/\/wordpress.org\"><strong>Individu\u00e1ln\u00ed DOVOZ vozidel<\/strong><\/a><\/strong><\/h3>\n\n\n\n<p class=\"has-text-align-center\">Dovezeme V\u00e1m a p\u0159ihl\u00e1s\u00edme va\u0161e auto nebo motorku sn\u016f.<\/p>\n<\/div>\n<\/div>\n\n\n\n<div class=\"wp-block-cover alignfull is-light\" style=\"padding-top:0px;padding-right:0px;padding-bottom:0px;padding-left:0px;min-height:10vh;aspect-ratio:unset;\"><span aria-hidden=\"true\" class=\"wp-block-cover__background has-black-background-color has-background-dim-30 has-background-dim\"><\/span><img loading=\"lazy\" decoding=\"async\" width=\"1920\" height=\"1440\" class=\"wp-block-cover__image-background wp-image-146\" alt=\"\" src=\"https:\/\/doctor-motor.cz\/wp-content\/uploads\/2022\/02\/IMG_20181221_151511.jpg\" data-object-fit=\"cover\" srcset=\"https:\/\/doctor-motor.cz\/wp-content\/uploads\/2022\/02\/IMG_20181221_151511.jpg 1920w, https:\/\/doctor-motor.cz\/wp-content\/uploads\/2022\/02\/IMG_20181221_151511-300x225.jpg 300w, https:\/\/doctor-motor.cz\/wp-content\/uploads\/2022\/02\/IMG_20181221_151511-1024x768.jpg 1024w, https:\/\/doctor-motor.cz\/wp-content\/uploads\/2022\/02\/IMG_20181221_151511-768x576.jpg 768w, https:\/\/doctor-motor.cz\/wp-content\/uploads\/2022\/02\/IMG_20181221_151511-1536x1152.jpg 1536w\" sizes=\"auto, (max-width: 1920px) 100vw, 1920px\" \/><div class=\"wp-block-cover__inner-container is-layout-flow wp-block-cover-is-layout-flow\">\n<div class=\"wp-block-columns alignwide is-layout-flex wp-container-core-columns-is-layout-9d6595d7 wp-block-columns-is-layout-flex\">\n<div class=\"wp-block-column is-layout-flow wp-block-column-is-layout-flow\"><\/div>\n\n\n\n<div class=\"wp-block-column is-layout-flow wp-block-column-is-layout-flow\" style=\"flex-basis:45%\">\n<div class=\"wp-block-cover is-light\" style=\"padding-right:3em;padding-left:3em;min-height:10vh;aspect-ratio:unset;\"><span aria-hidden=\"true\" class=\"wp-block-cover__background has-white-background-color has-background-dim-100 has-background-dim\"><\/span><div class=\"wp-block-cover__inner-container is-layout-flow wp-block-cover-is-layout-flow\">\n<h2 class=\"wp-block-heading has-black-color has-text-color\" id=\"o-nas\">About us<\/h2>\n\n\n\n<p class=\"has-black-color has-text-color\">Spole\u010dnost Doctor-Motor byla zalo\u017eena Romanem Trnkou s jedn\u00edm c\u00edlem, d\u00e1t \u0159idi\u010d\u016fm Brna lep\u0161\u00ed mo\u017enost \u00fadr\u017eby a oprav vozidel.<\/p>\n\n\n\n<p class=\"has-black-color has-text-color has-link-color wp-elements-d0f25e039fc2bb44dff73eaae2b9f625\"><strong><a href=\"#\">V\u00edce<\/a><\/strong><\/p>\n<\/div><\/div>\n<\/div>\n<\/div>\n<\/div><\/div>\n\n\n\n<div class=\"wp-block-group alignfull has-text-color has-background\" style=\"color:#000000;background-color:#ffffff\"><div class=\"wp-block-group__inner-container is-layout-flow wp-block-group-is-layout-flow\">\n<div style=\"height:64px\" aria-hidden=\"true\" class=\"wp-block-spacer\"><\/div>\n\n\n\n<h2 class=\"wp-block-heading alignwide has-text-align-center\" id=\"tesime-se-na-vasi-navstevu\" style=\"font-size:59px;line-height:1.15\"><strong>Te\u0161\u00edme se na Va\u0161\u00ed n\u00e1v\u0161t\u011bvu<\/strong><\/h2>\n\n\n\n<div class=\"wp-block-buttons is-horizontal is-content-justification-center is-layout-flex wp-container-core-buttons-is-layout-499968f5 wp-block-buttons-is-layout-flex\">\n<div class=\"wp-block-button has-custom-width wp-block-button__width-50\"><a class=\"wp-block-button__link has-text-color has-background wp-element-button\" href=\"https:\/\/doctor-motor.cz\/en\/kontakt\/\" style=\"border-radius:50px;color:#ffffff;background-color:#000000\">Kontakt<\/a><\/div>\n<\/div>\n\n\n\n<div style=\"height:64px\" aria-hidden=\"true\" class=\"wp-block-spacer\"><\/div>\n\n\n\n\n<\/div><\/div>","protected":false},"excerpt":{"rendered":"<p>Auto-moto servis Opravujeme vozy a motocykly v\u0161ech zna\u010dek v\u010detn\u011b USA voz\u016f. Prov\u00e1d\u00edme renovace aut i motocykl\u016f Pneuservis ALU kol, plechov\u00fdch disk\u016f a vypl\u00e9tan\u00fdch kol. A\u017e do velikosti 24\u00b4\u00b4 Individu\u00e1ln\u00ed DOVOZ vozidel Dovezeme V\u00e1m a p\u0159ihl\u00e1s\u00edme va\u0161e auto nebo motorku sn\u016f. Te\u0161\u00edme se na Va\u0161\u00ed n\u00e1v\u0161t\u011bvu<\/p>","protected":false},"author":1,"featured_media":0,"parent":0,"menu_order":0,"comment_status":"closed","ping_status":"closed","template":"","meta":{"footnotes":""},"class_list":["post-7","page","type-page","status-publish","hentry","entry"],"aioseo_notices":[],"_links":{"self":[{"href":"https:\/\/doctor-motor.cz\/en\/wp-json\/wp\/v2\/pages\/7","targetHints":{"allow":["GET"]}}],"collection":[{"href":"https:\/\/doctor-motor.cz\/en\/wp-json\/wp\/v2\/pages"}],"about":[{"href":"https:\/\/doctor-motor.cz\/en\/wp-json\/wp\/v2\/types\/page"}],"author":[{"embeddable":true,"href":"https:\/\/doctor-motor.cz\/en\/wp-json\/wp\/v2\/users\/1"}],"replies":[{"embeddable":true,"href":"https:\/\/doctor-motor.cz\/en\/wp-json\/wp\/v2\/comments?post=7"}],"version-history":[{"count":24,"href":"https:\/\/doctor-motor.cz\/en\/wp-json\/wp\/v2\/pages\/7\/revisions"}],"predecessor-version":[{"id":288,"href":"https:\/\/doctor-motor.cz\/en\/wp-json\/wp\/v2\/pages\/7\/revisions\/288"}],"wp:attachment":[{"href":"https:\/\/doctor-motor.cz\/en\/wp-json\/wp\/v2\/media?parent=7"}],"curies":[{"name":"wp","href":"https:\/\/api.w.org\/{rel}","templated":true}]}}