{"id":13,"date":"2022-01-11T19:21:30","date_gmt":"2022-01-11T19:21:30","guid":{"rendered":"https:\/\/doctor-motor.cz\/?page_id=13"},"modified":"2025-04-10T14:47:44","modified_gmt":"2025-04-10T14:47:44","slug":"cenik","status":"publish","type":"page","link":"https:\/\/doctor-motor.cz\/en\/cenik\/","title":{"rendered":"Cen\u00edk"},"content":{"rendered":"<div class=\"wp-block-group alignfull\" style=\"padding-top:0px;padding-right:0px;padding-bottom:0px;padding-left:0px\"><div class=\"wp-block-group__inner-container is-layout-flow wp-block-group-is-layout-flow\"><\/div><\/div>\n\n\n\n<div class=\"wp-block-group alignwide\"><div class=\"wp-block-group__inner-container is-layout-flow wp-block-group-is-layout-flow\">\n<figure class=\"wp-block-table alignwide is-style-stripes\"><table><tbody><tr><td><strong>Pneuservis <\/strong><br>Pneu do 13\u00b4\u00b4, 14\u00b4\u00b4a\u017e 17\u00b4\u00b4, 18\u00b4\u00b4-19\u00b4\u00b4, 20\u00b4\u00b4 a v\u00edce &#8211; dod\u00e1vka \/ (cena za sadu 4 kol)<br>*sou\u010d\u00e1st\u00ed je 160g z\u00e1va\u017e\u00ed \/ sada. Jinak 1g = 2K\u010d<br>P\u0159\u00edplatek za &#8222;Run-flat&#8220;<br>P\u0159\u00edplatek za n\u00edzkoprofilov\u00e9 p\u0159ezut\u00ed pneumatik<br>P\u0159ehozen\u00ed a vyv\u00e1\u017een\u00ed kol (letn\u00ed\/zimn\u00ed)<br>P\u0159ehozen\u00ed a vyv\u00e1\u017een\u00ed kol &#8211; U\u017eitkov\u00e9\/Offroad\/Alu kola 18&#8243;+&#8230;<\/td><td>950K\u010d, 1150K\u010d, 1350K\u010d, 1650K\u010d\u00a0\u00a0<br><br><br>+ 25%<br>+ 25%<br>800 K\u010d<br>900 K\u010d<\/td><\/tr><tr><td><strong>Uskladn\u011bn\u00ed pneumatik<br><\/strong>Sez\u00f3na letn\u00ed\/zimn\u00ed<\/td><td>1452 K\u010d<\/td><\/tr><tr><td><strong>Oprava defektu kola<br><\/strong>Dle pou\u017eit\u00e9ho materi\u00e1lu<br>V\u00fdjezd-oprava defektu, v\u00fdm\u011bna disku  (Brno)<\/td><td>450 K\u010d &#8211; 600K\u010d<br><br>1800 K\u010d<\/td><\/tr><tr><td><strong>Geometrie vozu<\/strong> &#8211; jedna n\u00e1prava<\/td><td>1000K\u010d<\/td><\/tr><tr><td><strong>Hodinov\u00e1 sazba<br><\/strong>Mechanick\u00e9 pr\u00e1ce NH osobn\u00ed automobil <br>Mechanick\u00e9 pr\u00e1ce NH u\u017eitkov\u00fd automobil <\/td><td><br>700 K\u010d<br>800K\u010d<\/td><\/tr><tr><td>Test t\u011bsnosti vzduchov\u00e9ho syst\u00e9mu (test kou\u0159em)<br>Test t\u011bsnosti chladic\u00ed soustavy<br>M\u011b\u0159en\u00ed tlaku ve v\u00e1lc\u00edch <\/td><td>1200 K\u010d<br>1200 K\u010d<br>1800 K\u010d<\/td><\/tr><tr><td>Zprost\u0159edkov\u00e1n\u00ed STK + ME<br>Standartn\u00ed kontrola vozidla p\u0159ed STK <br>Komplexn\u00ed kontrola vozu \/ garan\u010dn\u00ed prohl\u00eddka <\/td><td>4500\u00a0K\u010d<br>850 K\u010d<br>1800 K\u010d<\/td><\/tr><tr><td><strong>Parkov\u00e1n\u00ed vozidla &#8211; 1den<\/strong> <br>v p\u0159\u00edpad\u011b parkov\u00e1n\u00ed vozidla po oprav\u011b a po splatnosti faktury<\/td><td>320K\u010d<\/td><\/tr><tr><td><strong>Nabit\u00ed akumul\u00e1toru<br><\/strong>Diagnostika akumul\u00e1toru, dobit\u00ed. Cena z\u00e1vis\u00ed na kapacit\u011b.<\/td><td>300 K\u010d<\/td><\/tr><tr><td><strong>Utilizace pneu<\/strong><br>Pytel pneu<\/td><td>60\u00a0K\u010d<br>35 K\u010d<\/td><\/tr><tr><td><strong>Bezvzdu\u0161ov\u00fd ventilek<\/strong><\/td><td>35K\u010d<\/td><\/tr><tr><td><strong>Dezinfekce ventilace OZON O3<\/strong><\/td><td>450&nbsp;K\u010d<\/td><\/tr><tr><td><strong>Pneuservis motocykl<br><\/strong>Mont\u00e1\u017e\/demont\u00e1\u017e pneu, vyv\u00e1\u017een\u00ed<\/td><td>2000 K\u010d<\/td><\/tr><tr><td><strong>Hodinov\u00e1 sazba motocykl<\/strong><\/td><td>850\u00a0K\u010d<\/td><\/tr><tr><td><strong>Diagnostika automobilu<\/strong> PC<br>Z\u00e1kladn\u00ed diagnostika (reset servisn\u00edch interval\u016f, apod\u2026)<\/td><td>1050 K\u010d<br>545 K\u010d<\/td><\/tr><tr><td><strong>Pick-Up servis<\/strong><br>V\u00fdm\u011bna oleje + olejov\u00e9ho filtru<br>V\u00fdm\u011bna vzduchov\u00e9ho filtru<br>V\u00fdm\u011bna  kabinov\u00e9ho filtru<br>V\u00fdm\u011bna palivov\u00e9ho filtru<br>V\u00fdm\u011bna brzdov\u00fdch kotou\u010d\u016f os. vozidlo<br>V\u00fdm\u011bna brzdodv\u00e9ho oblo\u017een\u00ed os. vozidlo<br>*Naskytnouli se komplikace p\u0159i demont\u00e1\u017ei mohou b\u00fdt \u00fa\u010dtov\u00e1ny v\u00edcepr\u00e1ce<\/td><td>900 K\u010d<br>900 K\u010d<br>200 K\u010d<br>200 K\u010d<br>500 K\u010d<br>900 K\u010d<br>900 K\u010d<br><br><\/td><\/tr><tr><td><strong>Kontrola brzdov\u00e9\/chlad\u00edc\u00ed kapaliny refraktometrem<\/strong><\/td><td>150&nbsp;K\u010d<\/td><\/tr><tr><td><strong>Startov\u00e1n\u00ed vozu, nastartov\u00e1n\u00ed vozidla boosterem + dopravn\u00e9 po Brn\u011b<\/strong><br>Renovace sv\u011btlometu &#8211; 1 ks<br>P\u016fj\u010dovna: Audi A3 na 24 hod. v tom je zapo\u010d\u00edt\u00e1no 100km bez PHM. Dal\u0161\u00ed 1km=6K\u010d<\/td><td>500 K\u010d<br>1210 K\u010d<br>800 K\u010d<\/td><\/tr><tr><td><strong>Servis klimatizace<\/strong> R134a<\/td><td>1000\u00a0K\u010d<\/td><\/tr><tr><td><strong>Chladivo R134a &#8211; 1g<\/strong> v\u010d. UV barviva<br><strong>Servis klimatizace<\/strong> R1234yf cca. od r.v. 2015 <br><strong>Chladivo R1234yf &#8211; 1g<\/strong> cca. od r.v. 2015 v\u010d. UV barviva<br>*mno\u017estv\u00ed chladiva je \u00fa\u010dtov\u00e1no dle skute\u010dn\u00e9ho dopl\u0148en\u00e9ho mno\u017estv\u00ed<\/td><td>5 K\u010d<br>1800K\u010d<br>9K\u010d<\/td><\/tr><\/tbody><\/table><figcaption class=\"wp-element-caption\">V\u0161echny ceny uvedeny v\u010d. DPH. Cen\u00edk je platn\u00fd od 1.1.2024 do vyd\u00e1n\u00ed dal\u0161\u00edho cen\u00edku. Vyhrazujeme si pr\u00e1vo na zm\u011bnu a \u00fapravu cen.<\/figcaption><\/figure>\n<\/div><\/div>","protected":false},"excerpt":{"rendered":"<p>Pneuservis Pneu do 13\u00b4\u00b4, 14\u00b4\u00b4a\u017e 17\u00b4\u00b4, 18\u00b4\u00b4-19\u00b4\u00b4, 20\u00b4\u00b4 a v\u00edce &#8211; dod\u00e1vka \/ (cena za sadu 4 kol)*sou\u010d\u00e1st\u00ed je 160g z\u00e1va\u017e\u00ed \/ sada. Jinak 1g = 2K\u010dP\u0159\u00edplatek za &#8222;Run-flat&#8220;P\u0159\u00edplatek za n\u00edzkoprofilov\u00e9 p\u0159ezut\u00ed pneumatikP\u0159ehozen\u00ed a vyv\u00e1\u017een\u00ed kol (letn\u00ed\/zimn\u00ed)P\u0159ehozen\u00ed a vyv\u00e1\u017een\u00ed kol &#8211; U\u017eitkov\u00e9\/Offroad\/Alu kola 18&#8243;+&#8230; 950K\u010d, 1150K\u010d, 1350K\u010d, 1650K\u010d\u00a0\u00a0 + 25%+ 25%800 K\u010d900 K\u010d Uskladn\u011bn\u00ed pneumatikSez\u00f3na&hellip; <a class=\"more-link\" href=\"https:\/\/doctor-motor.cz\/en\/cenik\/\">Continue reading <span class=\"screen-reader-text\">Cen\u00edk<\/span><\/a><\/p>","protected":false},"author":1,"featured_media":0,"parent":0,"menu_order":0,"comment_status":"closed","ping_status":"closed","template":"","meta":{"footnotes":""},"class_list":["post-13","page","type-page","status-publish","hentry","entry"],"aioseo_notices":[],"_links":{"self":[{"href":"https:\/\/doctor-motor.cz\/en\/wp-json\/wp\/v2\/pages\/13","targetHints":{"allow":["GET"]}}],"collection":[{"href":"https:\/\/doctor-motor.cz\/en\/wp-json\/wp\/v2\/pages"}],"about":[{"href":"https:\/\/doctor-motor.cz\/en\/wp-json\/wp\/v2\/types\/page"}],"author":[{"embeddable":true,"href":"https:\/\/doctor-motor.cz\/en\/wp-json\/wp\/v2\/users\/1"}],"replies":[{"embeddable":true,"href":"https:\/\/doctor-motor.cz\/en\/wp-json\/wp\/v2\/comments?post=13"}],"version-history":[{"count":32,"href":"https:\/\/doctor-motor.cz\/en\/wp-json\/wp\/v2\/pages\/13\/revisions"}],"predecessor-version":[{"id":307,"href":"https:\/\/doctor-motor.cz\/en\/wp-json\/wp\/v2\/pages\/13\/revisions\/307"}],"wp:attachment":[{"href":"https:\/\/doctor-motor.cz\/en\/wp-json\/wp\/v2\/media?parent=13"}],"curies":[{"name":"wp","href":"https:\/\/api.w.org\/{rel}","templated":true}]}}